

{"id":18,"date":"2024-02-17T15:48:49","date_gmt":"2024-02-17T18:48:49","guid":{"rendered":"https:\/\/infinityproeventos.com.br\/?page_id=18"},"modified":"2024-02-20T12:09:18","modified_gmt":"2024-02-20T15:09:18","slug":"pagina-em-construcao","status":"publish","type":"page","link":"https:\/\/infinityproeventos.com.br\/","title":{"rendered":"P\u00e1gina em Constru\u00e7\u00e3o"},"content":{"rendered":"\t\t<div data-elementor-type=\"wp-page\" data-elementor-id=\"18\" class=\"elementor elementor-18\">\n\t\t\t\t\t\t\t\t\t<section class=\"elementor-section elementor-top-section elementor-element elementor-element-ad29daa elementor-section-boxed elementor-section-height-default elementor-section-height-default\" data-id=\"ad29daa\" data-element_type=\"section\">\n\t\t\t\t\t\t<div class=\"elementor-container elementor-column-gap-default\">\n\t\t\t\t\t<div class=\"elementor-column elementor-col-100 elementor-top-column elementor-element elementor-element-dd5d37c\" data-id=\"dd5d37c\" data-element_type=\"column\">\n\t\t\t<div class=\"elementor-widget-wrap elementor-element-populated\">\n\t\t\t\t\t\t\t\t<div class=\"elementor-element elementor-element-cec16c0 elementor-fixed elementor-widget elementor-widget-image\" data-id=\"cec16c0\" data-element_type=\"widget\" data-settings=\"{&quot;_position&quot;:&quot;fixed&quot;}\" data-widget_type=\"image.default\">\n\t\t\t\t<div class=\"elementor-widget-container\">\n\t\t\t<style>\/*! elementor - v3.11.2 - 22-02-2023 *\/\n.elementor-widget-image{text-align:center}.elementor-widget-image a{display:inline-block}.elementor-widget-image a img[src$=\".svg\"]{width:48px}.elementor-widget-image img{vertical-align:middle;display:inline-block}<\/style>\t\t\t\t\t\t\t\t\t\t\t\t<img loading=\"lazy\" decoding=\"async\" width=\"576\" height=\"1024\" src=\"https:\/\/infinityproeventos.com.br\/wp-content\/uploads\/2023\/02\/Infinity_Pagina_Construcao-576x1024.png\" class=\"attachment-large size-large wp-image-10\" alt=\"\" srcset=\"https:\/\/infinityproeventos.com.br\/wp-content\/uploads\/2023\/02\/Infinity_Pagina_Construcao-576x1024.png 576w, https:\/\/infinityproeventos.com.br\/wp-content\/uploads\/2023\/02\/Infinity_Pagina_Construcao-169x300.png 169w, https:\/\/infinityproeventos.com.br\/wp-content\/uploads\/2023\/02\/Infinity_Pagina_Construcao-768x1365.png 768w, https:\/\/infinityproeventos.com.br\/wp-content\/uploads\/2023\/02\/Infinity_Pagina_Construcao-864x1536.png 864w, https:\/\/infinityproeventos.com.br\/wp-content\/uploads\/2023\/02\/Infinity_Pagina_Construcao.png 1080w\" sizes=\"(max-width: 576px) 100vw, 576px\" \/>\t\t\t\t\t\t\t\t\t\t\t\t\t\t\t<\/div>\n\t\t\t\t<\/div>\n\t\t\t\t\t<\/div>\n\t\t<\/div>\n\t\t\t\t\t\t\t<\/div>\n\t\t<\/section>\n\t\t\t\t\t\t\t<\/div>\n\t\t","protected":false},"excerpt":{"rendered":"","protected":false},"author":1,"featured_media":0,"parent":0,"menu_order":0,"comment_status":"closed","ping_status":"closed","template":"elementor_canvas","meta":{"footnotes":""},"_links":{"self":[{"href":"https:\/\/infinityproeventos.com.br\/index.php\/wp-json\/wp\/v2\/pages\/18"}],"collection":[{"href":"https:\/\/infinityproeventos.com.br\/index.php\/wp-json\/wp\/v2\/pages"}],"about":[{"href":"https:\/\/infinityproeventos.com.br\/index.php\/wp-json\/wp\/v2\/types\/page"}],"author":[{"embeddable":true,"href":"https:\/\/infinityproeventos.com.br\/index.php\/wp-json\/wp\/v2\/users\/1"}],"replies":[{"embeddable":true,"href":"https:\/\/infinityproeventos.com.br\/index.php\/wp-json\/wp\/v2\/comments?post=18"}],"version-history":[{"count":100,"href":"https:\/\/infinityproeventos.com.br\/index.php\/wp-json\/wp\/v2\/pages\/18\/revisions"}],"predecessor-version":[{"id":123,"href":"https:\/\/infinityproeventos.com.br\/index.php\/wp-json\/wp\/v2\/pages\/18\/revisions\/123"}],"wp:attachment":[{"href":"https:\/\/infinityproeventos.com.br\/index.php\/wp-json\/wp\/v2\/media?parent=18"}],"curies":[{"name":"wp","href":"https:\/\/api.w.org\/{rel}","templated":true}]}}